{"id":16,"date":"2014-12-17T09:42:28","date_gmt":"2014-12-17T08:42:28","guid":{"rendered":"http:\/\/upvsindical.blogs.upv.es\/?page_id=16"},"modified":"2024-09-28T23:26:07","modified_gmt":"2024-09-28T22:26:07","slug":"legislacion","status":"publish","type":"page","link":"https:\/\/upvsindical.webs.upv.es\/?page_id=16","title":{"rendered":"Legislaci\u00f3n"},"content":{"rendered":"<p><strong>Legislaci\u00f3n Estatal<\/strong><\/p>\n<ul>\n<li><a title=\"Estatuto Basico del empleado publico\" href=\"https:\/\/www.boe.es\/buscar\/act.php?id=BOE-A-2007-7788\" target=\"_blank\" rel=\"noopener\">Estatuto B\u00e1sico del Empleado P\u00fablico<\/a><\/li>\n<li><a title=\"Estatuto de los trabajadores\" href=\"https:\/\/www.boe.es\/buscar\/act.php?id=BOE-A-1995-7730\" target=\"_blank\" rel=\"noopener\">Estatuto de los trabajadores<\/a><\/li>\n<li><a title=\"Constituci\u00f3n Espa\u00f1ola de 1978\" href=\"https:\/\/www.boe.es\/buscar\/act.php?id=BOE-A-1978-31229\" target=\"_blank\" rel=\"noopener\">Constituci\u00f3n Espa\u00f1ola de 1978<\/a><\/li>\n<li><a title=\"Ley de Prevenci\u00f3n de Riesgos Laborales\" href=\"https:\/\/www.boe.es\/buscar\/act.php?id=BOE-A-1995-24292\" target=\"_blank\" rel=\"noopener\">Ley de Prevenci\u00f3n de Riesgos Laborales<\/a><\/li>\n<li><a title=\"Ley Org\u00e1nica para la igualdad efectiva de mujeres y hombres\" href=\"http:\/\/www.boe.es\/buscar\/doc.php?id=BOE-A-2007-6115\" target=\"_blank\" rel=\"noopener\">Ley Org\u00e1nica para la igualdad efectiva de mujeres y hombres<\/a><\/li>\n<li><a title=\"Ley Reguladora de la Jurisdicci\u00f3n Social\" href=\"https:\/\/www.boe.es\/buscar\/act.php?id=BOE-A-2011-15936\" target=\"_blank\" rel=\"noopener\">Ley Reguladora de la Jurisdicci\u00f3n Social<\/a><\/li>\n<\/ul>\n<p><strong>Legislaci\u00f3n Auton\u00f3mica<\/strong><\/p>\n<ul>\n<li><a title=\"Ley, de la Generalitat, de ordenaci\u00f3n y gesti\u00f3n de la funci\u00f3n p\u00fablica valenciana\" href=\"http:\/\/www.docv.gva.es\/portal\/ficha_disposicion_pc.jsp?sig=007974\/2010&amp;L=1\" target=\"_blank\" rel=\"noopener\">Ley, de la Generalitat, de ordenaci\u00f3n y gesti\u00f3n de la funci\u00f3n p\u00fablica valenciana<\/a><\/li>\n<li><a title=\"Estatuto de Autonom\u00eda de la Comunidad Valenciana\" href=\"http:\/\/www.congreso.es\/consti\/estatutos\/ind_estatutos.jsp?com=79\" target=\"_blank\" rel=\"noopener\">Estatuto de Autonom\u00eda de la Comunidad Valenciana<\/a><\/li>\n<\/ul>\n<p><strong>Legislaci\u00f3n Universitaria<br \/>\n<\/strong><\/p>\n<ul>\n<li><a title=\"Estatutos Universidad Polit\u00e9cnica de Valencia\" href=\"https:\/\/upvsindical.webs.upv.es\/wp-content\/uploads\/2014\/12\/estatutos-upv-2011.pdf\" target=\"_blank\" rel=\"noopener\">Estatutos Universidad Polit\u00e9cnica de Valencia<\/a><\/li>\n<li><a title=\"Manual de derechos\" href=\"http:\/\/www.upv.es\/entidades\/SIPRL\/infoweb\/sprl\/info\/713269normalc.html\" target=\"_blank\" rel=\"noopener\">Manual de Derechos y Obligaciones del Personal de la UPV<\/a><\/li>\n<\/ul>\n","protected":false},"excerpt":{"rendered":"<p>Legislaci\u00f3n Estatal Estatuto B\u00e1sico del Empleado P\u00fablico Estatuto de los trabajadores Constituci\u00f3n Espa\u00f1ola de 1978 Ley de Prevenci\u00f3n de Riesgos Laborales Ley Org\u00e1nica para la igualdad efectiva de mujeres y hombres Ley Reguladora de la Jurisdicci\u00f3n Social Legislaci\u00f3n Auton\u00f3mica Ley, de la Generalitat, de ordenaci\u00f3n y gesti\u00f3n de la funci\u00f3n p\u00fablica valenciana Estatuto de Autonom\u00eda&#8230;<\/p>\n","protected":false},"author":2,"featured_media":0,"parent":0,"menu_order":2,"comment_status":"closed","ping_status":"closed","template":"","meta":{"footnotes":""},"class_list":["post-16","page","type-page","status-publish","hentry"],"_links":{"self":[{"href":"https:\/\/upvsindical.webs.upv.es\/index.php?rest_route=\/wp\/v2\/pages\/16","targetHints":{"allow":["GET"]}}],"collection":[{"href":"https:\/\/upvsindical.webs.upv.es\/index.php?rest_route=\/wp\/v2\/pages"}],"about":[{"href":"https:\/\/upvsindical.webs.upv.es\/index.php?rest_route=\/wp\/v2\/types\/page"}],"author":[{"embeddable":true,"href":"https:\/\/upvsindical.webs.upv.es\/index.php?rest_route=\/wp\/v2\/users\/2"}],"replies":[{"embeddable":true,"href":"https:\/\/upvsindical.webs.upv.es\/index.php?rest_route=%2Fwp%2Fv2%2Fcomments&post=16"}],"version-history":[{"count":1,"href":"https:\/\/upvsindical.webs.upv.es\/index.php?rest_route=\/wp\/v2\/pages\/16\/revisions"}],"predecessor-version":[{"id":803,"href":"https:\/\/upvsindical.webs.upv.es\/index.php?rest_route=\/wp\/v2\/pages\/16\/revisions\/803"}],"wp:attachment":[{"href":"https:\/\/upvsindical.webs.upv.es\/index.php?rest_route=%2Fwp%2Fv2%2Fmedia&parent=16"}],"curies":[{"name":"wp","href":"https:\/\/api.w.org\/{rel}","templated":true}]}}