{"id":747,"date":"2014-11-07T12:41:20","date_gmt":"2014-11-07T11:41:20","guid":{"rendered":"http:\/\/upvsindical.blogs.upv.es\/?page_id=4"},"modified":"2024-09-28T23:23:47","modified_gmt":"2024-09-28T22:23:47","slug":"quienes-somos","status":"publish","type":"page","link":"https:\/\/upvsindical.webs.upv.es\/?page_id=747","title":{"rendered":"\u00bfQuienes somos?"},"content":{"rendered":"\n<p>UPV-Sindical es un sindicato completamente independiente cuya acci\u00f3n sindical se centra exclusivamente en la Universitat Polit\u00e8cnica de Val\u00e8ncia, defendiendo los intereses de las trabajadoras y los trabajadores de la UPV.<\/p>\n\n\n\n<p>Quienes integramos UPV-Sindical, defendemos y defenderemos a las personas, NO a las MARCAS, es decir, NO a los intereses que otros sindicatos tienen a la hora de desarrollar su labor sindical, que en muchos de los casos, sus propuestas y fundamentos les vienen ya encomendados por su Central Sindical, con el perjuicio que ello supone para los intereses de los trabajadores de nuestra propia universidad.<\/p>\n\n\n\n<p>Somos un equipo multidisciplinar formado por personal motivado e implicado, y queremos que cuentes con nosotros para tus reivindicaciones.<\/p>\n","protected":false},"excerpt":{"rendered":"<p>UPV-Sindical es un sindicato completamente independiente cuya acci\u00f3n sindical se centra exclusivamente en la Universitat Polit\u00e8cnica de Val\u00e8ncia, defendiendo los intereses de las trabajadoras y los trabajadores de la UPV. Quienes integramos UPV-Sindical, defendemos y defenderemos a las personas, NO a las MARCAS, es decir, NO a los intereses que otros sindicatos tienen a la&#8230;<\/p>\n","protected":false},"author":2,"featured_media":0,"parent":0,"menu_order":0,"comment_status":"closed","ping_status":"closed","template":"","meta":{"footnotes":""},"class_list":["post-747","page","type-page","status-publish","hentry"],"_links":{"self":[{"href":"https:\/\/upvsindical.webs.upv.es\/index.php?rest_route=\/wp\/v2\/pages\/747","targetHints":{"allow":["GET"]}}],"collection":[{"href":"https:\/\/upvsindical.webs.upv.es\/index.php?rest_route=\/wp\/v2\/pages"}],"about":[{"href":"https:\/\/upvsindical.webs.upv.es\/index.php?rest_route=\/wp\/v2\/types\/page"}],"author":[{"embeddable":true,"href":"https:\/\/upvsindical.webs.upv.es\/index.php?rest_route=\/wp\/v2\/users\/2"}],"replies":[{"embeddable":true,"href":"https:\/\/upvsindical.webs.upv.es\/index.php?rest_route=%2Fwp%2Fv2%2Fcomments&post=747"}],"version-history":[{"count":4,"href":"https:\/\/upvsindical.webs.upv.es\/index.php?rest_route=\/wp\/v2\/pages\/747\/revisions"}],"predecessor-version":[{"id":802,"href":"https:\/\/upvsindical.webs.upv.es\/index.php?rest_route=\/wp\/v2\/pages\/747\/revisions\/802"}],"wp:attachment":[{"href":"https:\/\/upvsindical.webs.upv.es\/index.php?rest_route=%2Fwp%2Fv2%2Fmedia&parent=747"}],"curies":[{"name":"wp","href":"https:\/\/api.w.org\/{rel}","templated":true}]}}