{"id":808,"date":"2024-09-28T23:42:06","date_gmt":"2024-09-28T22:42:06","guid":{"rendered":"https:\/\/upvsindical.webs.upv.es\/?page_id=808"},"modified":"2024-09-28T23:54:43","modified_gmt":"2024-09-28T22:54:43","slug":"profesores-asociados","status":"publish","type":"page","link":"https:\/\/upvsindical.webs.upv.es\/?page_id=808","title":{"rendered":"Profesores Asociados"},"content":{"rendered":"\n<p>En esta p\u00e1gina queremos mostrar nuestro apoyo al colectivo de profesores asociados de la UPV y sus reclamaciones. <\/p>\n\n\n\n<h2 class=\"wp-block-heading\">Web asociadas<\/h2>\n\n\n\n<p><a href=\"https:\/\/sites.google.com\/view\/asociados-upv\/inicio?authuser=0\">PLATAFORMA PROFESSORAT ASSOCIAT UPV, asoupv.org<\/a><\/p>\n\n\n\n<p><a href=\"https:\/\/asociadosupv.com\/\">ASOCIADOS UPV <\/a><\/p>\n\n\n\n<h2 class=\"wp-block-heading\">Noticias relacionadas<\/h2>\n\n\n\n<p><a href=\"https:\/\/dogv.gva.es\/va\/resultat-dogv?signatura=2024\/7537\">RESOLUCI\u00d3 de 19 de julio de 2024, del Rectorat de la Universitat Polit\u00e8cnica de Val\u00e8ncia, per la qual es convoca un concurs p\u00fablic per a la contractaci\u00f3 de professorat associat indefinit.<\/a><\/p>\n\n\n\n<p><\/p>\n","protected":false},"excerpt":{"rendered":"<p>En esta p\u00e1gina queremos mostrar nuestro apoyo al colectivo de profesores asociados de la UPV y sus reclamaciones. Web asociadas PLATAFORMA PROFESSORAT ASSOCIAT UPV, asoupv.org ASOCIADOS UPV Noticias relacionadas RESOLUCI\u00d3 de 19 de julio de 2024, del Rectorat de la Universitat Polit\u00e8cnica de Val\u00e8ncia, per la qual es convoca un concurs p\u00fablic per a la&#8230;<\/p>\n","protected":false},"author":1,"featured_media":0,"parent":0,"menu_order":0,"comment_status":"closed","ping_status":"closed","template":"","meta":{"footnotes":""},"class_list":["post-808","page","type-page","status-publish","hentry"],"_links":{"self":[{"href":"https:\/\/upvsindical.webs.upv.es\/index.php?rest_route=\/wp\/v2\/pages\/808","targetHints":{"allow":["GET"]}}],"collection":[{"href":"https:\/\/upvsindical.webs.upv.es\/index.php?rest_route=\/wp\/v2\/pages"}],"about":[{"href":"https:\/\/upvsindical.webs.upv.es\/index.php?rest_route=\/wp\/v2\/types\/page"}],"author":[{"embeddable":true,"href":"https:\/\/upvsindical.webs.upv.es\/index.php?rest_route=\/wp\/v2\/users\/1"}],"replies":[{"embeddable":true,"href":"https:\/\/upvsindical.webs.upv.es\/index.php?rest_route=%2Fwp%2Fv2%2Fcomments&post=808"}],"version-history":[{"count":2,"href":"https:\/\/upvsindical.webs.upv.es\/index.php?rest_route=\/wp\/v2\/pages\/808\/revisions"}],"predecessor-version":[{"id":818,"href":"https:\/\/upvsindical.webs.upv.es\/index.php?rest_route=\/wp\/v2\/pages\/808\/revisions\/818"}],"wp:attachment":[{"href":"https:\/\/upvsindical.webs.upv.es\/index.php?rest_route=%2Fwp%2Fv2%2Fmedia&parent=808"}],"curies":[{"name":"wp","href":"https:\/\/api.w.org\/{rel}","templated":true}]}}