{"id":827,"date":"2024-10-02T11:45:08","date_gmt":"2024-10-02T10:45:08","guid":{"rendered":"https:\/\/upvsindical.webs.upv.es\/?page_id=827"},"modified":"2024-10-02T12:09:40","modified_gmt":"2024-10-02T11:09:40","slug":"ptgas","status":"publish","type":"page","link":"https:\/\/upvsindical.webs.upv.es\/?page_id=827","title":{"rendered":"PTGAS"},"content":{"rendered":"\n<p>En esta p\u00e1gina trataremos los temas relacionados con el personal t\u00e9cnico de gesti\u00f3n y de administraci\u00f3n y servicios.<\/p>\n\n\n\n<h2 class=\"wp-block-heading\">Oferta de Empleo<\/h2>\n\n\n\n<p>Acceso a la web de <strong>Vicegerencia de Recursos Humans i Estructura Organitzativa<\/strong> donde se ofertan los concursos de acceso a la Universidad y otros concursos.<\/p>\n\n\n\n<p><a href=\"https:\/\/www.upv.es\/entidades\/SRH\/pas\/771148normalv.html\">Oferta de Empleo P\u00fablico del PTGAS<\/a><br><a href=\"https:\/\/www.upv.es\/entidades\/SRH\/pas\/676960normalv.html\">Convocat\u00f2ries Acc\u00e9s Lliure<\/a><br><a href=\"https:\/\/www.upv.es\/entidades\/SRH\/pas\/681577normalv.html\">Personal Temporal<\/a><br><a href=\"http:\/\/Borses de Treball\">Borses de Treball<\/a><br><a href=\"https:\/\/www.upv.es\/entidades\/SRH\/pas\/679590normalv.html\">Convocat\u00f2ries Promoci\u00f3 Interna<\/a><br><a href=\"https:\/\/www.upv.es\/entidades\/SRH\/pas\/680636normalv.html\">Concursos<\/a><br><a href=\"https:\/\/www.upv.es\/entidades\/SRH\/pas\/929352normalv.html\">Provisi\u00f3 per Lliure Designaci\u00f3<\/a><br><a href=\"https:\/\/www.upv.es\/entidades\/SRH\/pas\/1157774normalc.html\">Comisi\u00f3n de Servicios<\/a><br><\/p>\n\n\n\n<h2 class=\"wp-block-heading\"><a href=\"https:\/\/www.upv.es\/entidades\/SRH\/pas\/802410normalv.html\">Normativa<\/a><\/h2>\n\n\n\n<p><\/p>\n","protected":false},"excerpt":{"rendered":"<p>En esta p\u00e1gina trataremos los temas relacionados con el personal t\u00e9cnico de gesti\u00f3n y de administraci\u00f3n y servicios. Oferta de Empleo Acceso a la web de Vicegerencia de Recursos Humans i Estructura Organitzativa donde se ofertan los concursos de acceso a la Universidad y otros concursos. Oferta de Empleo P\u00fablico del PTGASConvocat\u00f2ries Acc\u00e9s LliurePersonal TemporalBorses&#8230;<\/p>\n","protected":false},"author":1,"featured_media":0,"parent":0,"menu_order":0,"comment_status":"closed","ping_status":"closed","template":"","meta":{"footnotes":""},"class_list":["post-827","page","type-page","status-publish","hentry"],"_links":{"self":[{"href":"https:\/\/upvsindical.webs.upv.es\/index.php?rest_route=\/wp\/v2\/pages\/827","targetHints":{"allow":["GET"]}}],"collection":[{"href":"https:\/\/upvsindical.webs.upv.es\/index.php?rest_route=\/wp\/v2\/pages"}],"about":[{"href":"https:\/\/upvsindical.webs.upv.es\/index.php?rest_route=\/wp\/v2\/types\/page"}],"author":[{"embeddable":true,"href":"https:\/\/upvsindical.webs.upv.es\/index.php?rest_route=\/wp\/v2\/users\/1"}],"replies":[{"embeddable":true,"href":"https:\/\/upvsindical.webs.upv.es\/index.php?rest_route=%2Fwp%2Fv2%2Fcomments&post=827"}],"version-history":[{"count":3,"href":"https:\/\/upvsindical.webs.upv.es\/index.php?rest_route=\/wp\/v2\/pages\/827\/revisions"}],"predecessor-version":[{"id":836,"href":"https:\/\/upvsindical.webs.upv.es\/index.php?rest_route=\/wp\/v2\/pages\/827\/revisions\/836"}],"wp:attachment":[{"href":"https:\/\/upvsindical.webs.upv.es\/index.php?rest_route=%2Fwp%2Fv2%2Fmedia&parent=827"}],"curies":[{"name":"wp","href":"https:\/\/api.w.org\/{rel}","templated":true}]}}